{"id":123,"date":"2022-12-13T19:13:54","date_gmt":"2022-12-13T19:13:54","guid":{"rendered":"https:\/\/portugalnuts.pt\/?page_id=123"},"modified":"2026-04-06T14:22:23","modified_gmt":"2026-04-06T14:22:23","slug":"a-nossa-historia","status":"publish","type":"page","link":"https:\/\/portugalnuts.pt\/en\/a-nossa-historia\/","title":{"rendered":"A nossa Hist\u00f3ria"},"content":{"rendered":"<p>[et_pb_section fb_built=&#8221;1&#8243; admin_label=&#8221;Header&#8221; _builder_version=&#8221;4.20.2&#8243; _module_preset=&#8221;default&#8221; background_image=&#8221;https:\/\/portugalnuts.pt\/wp-content\/uploads\/2022\/12\/HISTORIA-scaled.jpeg&#8221; background_position=&#8221;bottom_center&#8221; background_vertical_offset=&#8221;17%&#8221; height=&#8221;230px&#8221; global_colors_info=&#8221;{}&#8221;][et_pb_row _builder_version=&#8221;4.19.2&#8243; _module_preset=&#8221;default&#8221; max_width=&#8221;100%&#8221; global_colors_info=&#8221;{}&#8221;][et_pb_column type=&#8221;4_4&#8243; _builder_version=&#8221;4.19.2&#8243; _module_preset=&#8221;default&#8221; global_colors_info=&#8221;{}&#8221;][\/et_pb_column][\/et_pb_row][\/et_pb_section][et_pb_section fb_built=&#8221;1&#8243; _builder_version=&#8221;4.27.4&#8243; _module_preset=&#8221;default&#8221; custom_margin_tablet=&#8221;&#8221; custom_margin_phone=&#8221;0px|-30px|0px|-30px|false|false&#8221; custom_margin_last_edited=&#8221;on|phone&#8221; custom_padding=&#8221;0px||0px||false|false&#8221; locked=&#8221;off&#8221; global_colors_info=&#8221;{}&#8221;][et_pb_row use_custom_gutter=&#8221;on&#8221; gutter_width=&#8221;1&#8243; make_equal=&#8221;on&#8221; _builder_version=&#8221;4.19.2&#8243; _module_preset=&#8221;default&#8221; max_width=&#8221;100%&#8221; custom_padding=&#8221;0px||0px||true|false&#8221; global_colors_info=&#8221;{}&#8221;][et_pb_column type=&#8221;4_4&#8243; _builder_version=&#8221;4.19.2&#8243; _module_preset=&#8221;default&#8221; background_enable_image=&#8221;off&#8221; custom_padding_tablet=&#8221;200px||200px||true|false&#8221; custom_padding_phone=&#8221;200px||200px||true|false&#8221; custom_padding_last_edited=&#8221;on|tablet&#8221; global_colors_info=&#8221;{}&#8221;][et_pb_text _builder_version=&#8221;4.19.2&#8243; _module_preset=&#8221;default&#8221; header_text_align=&#8221;left&#8221; header_font_size=&#8221;25px&#8221; header_line_height=&#8221;1.3em&#8221; width=&#8221;65%&#8221; width_tablet=&#8221;80%&#8221; width_phone=&#8221;100%&#8221; width_last_edited=&#8221;on|phone&#8221; module_alignment=&#8221;left&#8221; custom_padding=&#8221;50px||30px|100px|false|false&#8221; custom_padding_tablet=&#8221;50px||30px|100px|false|false&#8221; custom_padding_phone=&#8221;6px|50px|30px|50px|false|false&#8221; custom_padding_last_edited=&#8221;on|phone&#8221; header_font_size_tablet=&#8221;38px&#8221; header_font_size_phone=&#8221;32px&#8221; header_font_size_last_edited=&#8221;on|desktop&#8221; global_colors_info=&#8221;{}&#8221;]<\/p>\n<h1><span style=\"color: #a3b008;\">O NASCIMENTO DA<\/span> <span style=\"color: #7a400d;\"><strong>PORTUGAL NUTS<\/strong><\/span><\/h1>\n<p>[\/et_pb_text][et_pb_text _builder_version=&#8221;4.19.2&#8243; _module_preset=&#8221;default&#8221; text_text_color=&#8221;#7A400D&#8221; text_font_size=&#8221;13px&#8221; text_line_height=&#8221;1.6em&#8221; width_tablet=&#8221;&#8221; width_phone=&#8221;&#8221; width_last_edited=&#8221;on|phone&#8221; module_alignment=&#8221;left&#8221; custom_margin=&#8221;||||false|false&#8221; custom_padding=&#8221;|100px|50px|100px|false|true&#8221; custom_padding_tablet=&#8221;|100px|50px|100px|false|true&#8221; custom_padding_phone=&#8221;|50px|0px|50px|false|true&#8221; custom_padding_last_edited=&#8221;on|phone&#8221; global_colors_info=&#8221;{}&#8221;]<\/p>\n<p>Em 2020, um grupo de empresas produtoras de frutos secos decidiram juntar-se e criar a Associa\u00e7\u00e3o de Promo\u00e7\u00e3o de Frutos Secos \u2013 APFS.<br \/>A associa\u00e7\u00e3o tem como objetivo:<\/p>\n<ul>\n<li><strong>Prop\u00f3sito<\/strong>: <span style=\"font-size: 13px;\">Promover um ecossistema favora\u0301vel a\u0300s atividades de produc\u0327a\u0303o e transformac\u0327a\u0303o dos nossos associados, defendendo os seus interesses e melhorando as suas compete\u0302ncias, para um crescimento continuado dos resultados do setor e com benefi\u0301cios para as comunidades onde operam, de forma sustenta\u0301vel.<\/span>\u00a0<\/li>\n<li><strong>Miss\u00e3o<\/strong>: <span style=\"font-size: 13px;\">Ser uma entidade de refere\u0302ncia, com representatividade e credibilidade, que promove a partilha de conhecimento e a adoc\u0327a\u0303o de pra\u0301ticas sustenta\u0301veis, fomentando uma produc\u0327a\u0303o e indu\u0301stria que se posicionem em mercados de valor, comunicando as suas caracteri\u0301sticas e incorporando na sua oferta os requisitos dos seus clientes e da sociedade.<\/span><\/li>\n<li><span style=\"font-size: 13px;\"><strong>Vis\u00e3o<\/strong>: <\/span><span style=\"font-size: 13px;\"><\/span><span style=\"font-size: 13px;\">Trabalhar ativamente para Portugal ser reconhecido como um dos melhores produtores mundiais com produtos de origem valorizada, com incorporac\u0327a\u0303o e uso de novas tecnologias que contribuem para melhorar a resilie\u0302ncia e a sustentabilidade das fileiras.<\/span><\/li>\n<\/ul>\n<p>&nbsp;<\/p>\n<p>[\/et_pb_text][\/et_pb_column][\/et_pb_row][et_pb_row use_custom_gutter=&#8221;on&#8221; gutter_width=&#8221;1&#8243; make_equal=&#8221;on&#8221; _builder_version=&#8221;4.19.2&#8243; _module_preset=&#8221;default&#8221; max_width=&#8221;100%&#8221; custom_padding=&#8221;0px||0px||true|false&#8221; global_colors_info=&#8221;{}&#8221;][et_pb_column type=&#8221;4_4&#8243; _builder_version=&#8221;4.19.2&#8243; _module_preset=&#8221;default&#8221; background_enable_color=&#8221;off&#8221; global_colors_info=&#8221;{}&#8221;][et_pb_text _builder_version=&#8221;4.19.2&#8243; _module_preset=&#8221;default&#8221; header_text_align=&#8221;left&#8221; header_font_size=&#8221;25px&#8221; header_line_height=&#8221;1.3em&#8221; module_alignment=&#8221;left&#8221; custom_padding=&#8221;0px||30px|100px|false|false&#8221; custom_padding_tablet=&#8221;50px||30px|100px|false|false&#8221; custom_padding_phone=&#8221;50px||30px|50px|false|false&#8221; custom_padding_last_edited=&#8221;on|phone&#8221; header_font_size_tablet=&#8221;38px&#8221; header_font_size_phone=&#8221;32px&#8221; header_font_size_last_edited=&#8221;on|desktop&#8221; global_colors_info=&#8221;{}&#8221;]<\/p>\n<h1><span style=\"color: #a3b008;\">VANTAGENS PARA<\/span>\u00a0<span style=\"color: #7a400d;\"><strong>ASSOCIADOS<\/strong><\/span><\/h1>\n<p>[\/et_pb_text][et_pb_text _builder_version=&#8221;4.19.2&#8243; _module_preset=&#8221;default&#8221; text_text_color=&#8221;#7A400D&#8221; text_font_size=&#8221;13px&#8221; text_line_height=&#8221;1.6em&#8221; module_alignment=&#8221;left&#8221; custom_margin=&#8221;||||false|false&#8221; custom_padding=&#8221;|100px|50px|100px|false|true&#8221; custom_padding_tablet=&#8221;|100px|50px|100px|false|true&#8221; custom_padding_phone=&#8221;|50px|50px|50px|false|true&#8221; custom_padding_last_edited=&#8221;on|phone&#8221; global_colors_info=&#8221;{}&#8221;]<\/p>\n<div class=\"page\" title=\"Page 2\">\n<div class=\"layoutArea\">\n<div class=\"column\">\n<p><strong>GRUPOS DE TRABALHO<br \/><\/strong><span>Possibilidade de participac\u0327a\u0303o nos Grupos de Trabalho da Portugal Nuts: <\/span><\/p>\n<p><span>&#8211; <\/span><span>A\u0301gua<br \/><\/span><span>&#8211; <\/span><span>Protec\u0327a\u0303o das Culturas<br \/><\/span><span>&#8211; <\/span><span>Sustentabilidade<br \/><\/span><span>&#8211; <\/span><span>Dados e Estudos<\/span><\/p>\n<p><span><strong>RELAC\u0327O\u0303ES GOVERNAMENTAIS<\/strong><br \/>Discussa\u0303o de poli\u0301ticas e legislac\u0327a\u0303o com impacto nas fileiras de frutos secos.<br \/>Dia\u0301logo constante com entidades oficiais ligadas a\u0300 atividade da produc\u0327a\u0303o e come\u0301rcio.<br \/>Representac\u0327a\u0303o dos interesses dos associados ouvindo ativamente as suas preocupac\u0327o\u0303es e agindo sobre assuntos cri\u0301ticos, por forma a desenvolver um ambiente de nego\u0301cio favora\u0301vel.<\/span><\/p>\n<p><span><strong>COMUNICAC\u0327A\u0303O<\/strong><br \/>Comunicar com os nossos associados e em nome do setor em assuntos transversais a\u0300s fileiras. Partilha de informac\u0327a\u0303o regular atrave\u0301s da nossas Newsletters e memos tema\u0301ticos.<br \/>Fornecer dados sobre as fileiras, de forma regular e consistente, para a imprensa e organizac\u0327o\u0303es internacionais do setor.<\/span><\/p>\n<p><strong>DADOS E ESTUDOS<br \/><\/strong><span>Dispomos do sistema NutsData de recolha semestral de dados da atividade dos associados (ex: a\u0301reas, variedades, produtividades, prec\u0327os) de forma ano\u0301nima, para acompanhamento das culturas e benchmarking. Realizamos estudos e inque\u0301ritos sobre assuntos importantes para fundamento das posic\u0327o\u0303es da Portugal Nuts.<\/span><\/p>\n<p><span><strong>FORMAC\u0327A\u0303O<\/strong><br \/><\/span><span>Organizamos ac\u0327o\u0303es de formac\u0327a\u0303o (de curta ou longa durac\u0327a\u0303o) sobre melhores pra\u0301ticas, maneio das culturas e outros temas relevantes para a atividade (presencialmente e sesso\u0303es online \u201cNuts Talks\u201d).<br \/>Os associados beneficiam de valores da participac\u0327a\u0303o mais favora\u0301veis.<\/span><\/p>\n<p><strong>TRABALHO EM REDE<br \/><\/strong><span>Organizamos os nossos Congressos, visitas de campo e reunio\u0303es de Balanc\u0327o de Campanha. Representamos a produc\u0327a\u0303o em eventos para os quais somos convidados a participar.<\/span><\/p>\n<p><strong>APOIO LEGAL<br \/><\/strong><span>A PRA \u2013 RAPOSO, SA\u0301 MIRANDA &amp; ASSOCIADOS, SOCIEDADE DE ADVOGADOS, SP., RL. presta servic\u0327os juri\u0301dicos especializados para o nosso setor de atividade, tanto a\u0300 Portugal Nuts como aos seus Associados e aos respetivos colaboradores, em condic\u0327o\u0303es preferenciais.<br \/>Divulga, de forma recorrente, informac\u0327a\u0303o juri\u0301dica especi\u0301fica do setor agri\u0301cola, numa lo\u0301gica de acompanhamento preventivo.<\/span><\/p>\n<\/div>\n<\/div>\n<\/div>\n<p>&nbsp;<\/p>\n<p>&nbsp;<\/p>\n<p>&nbsp;<\/p>\n<p>[\/et_pb_text][\/et_pb_column][\/et_pb_row][\/et_pb_section][et_pb_section fb_built=&#8221;1&#8243; admin_label=&#8221;Header&#8221; module_id=&#8221;orgaos-sociais&#8221; _builder_version=&#8221;4.20.2&#8243; _module_preset=&#8221;default&#8221; background_image=&#8221;https:\/\/portugalnuts.pt\/wp-content\/uploads\/2022\/12\/HISTORIA-scaled.jpeg&#8221; background_position=&#8221;bottom_center&#8221; background_vertical_offset=&#8221;17%&#8221; height=&#8221;230px&#8221; global_colors_info=&#8221;{}&#8221;][et_pb_row _builder_version=&#8221;4.19.2&#8243; _module_preset=&#8221;default&#8221; max_width=&#8221;100%&#8221; global_colors_info=&#8221;{}&#8221;][et_pb_column type=&#8221;4_4&#8243; _builder_version=&#8221;4.19.2&#8243; _module_preset=&#8221;default&#8221; global_colors_info=&#8221;{}&#8221;][\/et_pb_column][\/et_pb_row][\/et_pb_section][et_pb_section fb_built=&#8221;1&#8243; _builder_version=&#8221;4.27.4&#8243; _module_preset=&#8221;default&#8221; custom_margin_tablet=&#8221;&#8221; custom_margin_phone=&#8221;|-30px||-30px|false|false&#8221; custom_margin_last_edited=&#8221;on|phone&#8221; custom_padding=&#8221;0px||0px||false|false&#8221; locked=&#8221;off&#8221; global_colors_info=&#8221;{}&#8221;][et_pb_row use_custom_gutter=&#8221;on&#8221; gutter_width=&#8221;1&#8243; make_equal=&#8221;on&#8221; _builder_version=&#8221;4.19.2&#8243; _module_preset=&#8221;default&#8221; max_width=&#8221;100%&#8221; custom_padding=&#8221;0px||0px||true|false&#8221; global_colors_info=&#8221;{}&#8221;][et_pb_column type=&#8221;4_4&#8243; _builder_version=&#8221;4.19.2&#8243; _module_preset=&#8221;default&#8221; background_enable_color=&#8221;off&#8221; global_colors_info=&#8221;{}&#8221;][et_pb_text _builder_version=&#8221;4.20.2&#8243; _module_preset=&#8221;default&#8221; header_text_align=&#8221;left&#8221; header_font_size=&#8221;25px&#8221; header_line_height=&#8221;1.3em&#8221; module_alignment=&#8221;left&#8221; custom_padding=&#8221;0px||30px|100px|false|false&#8221; custom_padding_tablet=&#8221;50px||30px|100px|false|false&#8221; custom_padding_phone=&#8221;50px||30px|50px|false|false&#8221; custom_padding_last_edited=&#8221;on|phone&#8221; header_font_size_tablet=&#8221;38px&#8221; header_font_size_phone=&#8221;32px&#8221; header_font_size_last_edited=&#8221;on|desktop&#8221; global_colors_info=&#8221;{}&#8221;]<\/p>\n<h1><span style=\"color: #a3b008;\"><\/span><\/h1>\n<h1><span style=\"color: #a3b008;\"><\/span><\/h1>\n<h1><span style=\"color: #a3b008;\"><\/span><\/h1>\n<h1><span style=\"color: #a3b008;\"><\/span><\/h1>\n<h1><span style=\"color: #a3b008;\"><\/span><\/h1>\n<h1><span style=\"color: #a3b008;\"><\/span><\/h1>\n<h1><span style=\"color: #a3b008;\">ASSEMBLEIA<\/span>\u00a0<span style=\"color: #7a400d;\"><strong>GERAL<\/strong><\/span><\/h1>\n<p>[\/et_pb_text][et_pb_text _builder_version=&#8221;4.19.2&#8243; _module_preset=&#8221;default&#8221; text_text_color=&#8221;#7A400D&#8221; text_font_size=&#8221;13px&#8221; text_line_height=&#8221;1.6em&#8221; module_alignment=&#8221;left&#8221; custom_margin=&#8221;||||false|false&#8221; custom_padding=&#8221;|100px|50px|100px|false|true&#8221; custom_padding_tablet=&#8221;|100px|50px|100px|false|true&#8221; custom_padding_phone=&#8221;|50px|50px|50px|false|true&#8221; custom_padding_last_edited=&#8221;on|phone&#8221; global_colors_info=&#8221;{}&#8221;]<\/p>\n<ul>\n<li><span><\/span><strong>Presidente:<\/strong> CONQUEIROS INVEST, que indica como representante Rui Ver\u00edssimo Batista<\/li>\n<li><span><\/span><strong>Vice-Presidente:<\/strong>\u00a0NUTRIALMONDS, que indica como representante Ant\u00f3nio Vasco Nogueira Freire Cortes Martins<\/li>\n<li><span><\/span><strong>Secret\u00e1rio:<\/strong> NOGAM, UNIPESSOAL LDA, que indica como representante Pedro Miguel Amorim de Pinho.<\/li>\n<\/ul>\n<p>&nbsp;<\/p>\n<p>&nbsp;<\/p>\n<p>[\/et_pb_text][et_pb_text _builder_version=&#8221;4.20.2&#8243; _module_preset=&#8221;default&#8221; header_text_align=&#8221;left&#8221; header_font_size=&#8221;25px&#8221; header_line_height=&#8221;1.3em&#8221; module_alignment=&#8221;left&#8221; custom_padding=&#8221;0px||30px|100px|false|false&#8221; custom_padding_tablet=&#8221;50px||30px|100px|false|false&#8221; custom_padding_phone=&#8221;50px||30px|50px|false|false&#8221; custom_padding_last_edited=&#8221;on|phone&#8221; header_font_size_tablet=&#8221;38px&#8221; header_font_size_phone=&#8221;32px&#8221; header_font_size_last_edited=&#8221;on|desktop&#8221; global_colors_info=&#8221;{}&#8221;]<\/p>\n<h1><span style=\"color: #a3b008;\"><span style=\"caret-color: #a3b008;\">DIRE\u00c7\u00c3O<\/span><\/span><\/h1>\n<p>[\/et_pb_text][et_pb_text _builder_version=&#8221;4.20.2&#8243; _module_preset=&#8221;default&#8221; text_text_color=&#8221;#7A400D&#8221; text_font_size=&#8221;13px&#8221; text_line_height=&#8221;1.6em&#8221; module_alignment=&#8221;left&#8221; custom_margin=&#8221;||||false|false&#8221; custom_padding=&#8221;|100px|50px|100px|false|true&#8221; custom_padding_tablet=&#8221;|100px|50px|100px|false|true&#8221; custom_padding_phone=&#8221;|50px|50px|50px|false|true&#8221; custom_padding_last_edited=&#8221;on|phone&#8221; global_colors_info=&#8221;{}&#8221;]<\/p>\n<ul>\n<li><span><\/span><strong>Presidente:<\/strong> TBG, UNIPESSOAL LDA, que indica como seu representante Tiago Beja Godinho Malhou da Costa<\/li>\n<li><span><\/span><strong>Vogal:<\/strong> DE PRADO, que indica como seu representante Pedro Miguel Barroso Lopes<\/li>\n<li><span><\/span><strong>Vogal:<\/strong> DUCK RIVER AGRICULTURE, que indica como seu representante <span>David Vicente Pereira de Almeida<\/span><\/li>\n<li><span><\/span><strong>Vogal:<\/strong> SLM, que indica como seu representante Jo\u00e3o Henrique Roseiro<\/li>\n<li><span><\/span><strong>Vogal:<\/strong> MIGDALO, que indica como seu representante Miguel de Siqueira Reis Matos Chaves<\/li>\n<li><span><\/span><strong>Vogal:<\/strong> HVCZ VENTURES Lda, que indica como representante Filipe Roup Rosa<\/li>\n<li><span><\/span><strong>Vogal:<\/strong> TREEMOND SA, que indica como seu representante Enrique Colilles Cascallar<span><\/span><\/li>\n<\/ul>\n<p>&nbsp;<\/p>\n<p>&nbsp;<\/p>\n<p>[\/et_pb_text][et_pb_text _builder_version=&#8221;4.20.2&#8243; _module_preset=&#8221;default&#8221; header_text_align=&#8221;left&#8221; header_font_size=&#8221;25px&#8221; header_line_height=&#8221;1.3em&#8221; module_alignment=&#8221;left&#8221; custom_padding=&#8221;0px||30px|100px|false|false&#8221; custom_padding_tablet=&#8221;50px||30px|100px|false|false&#8221; custom_padding_phone=&#8221;50px||30px|50px|false|false&#8221; custom_padding_last_edited=&#8221;on|phone&#8221; header_font_size_tablet=&#8221;38px&#8221; header_font_size_phone=&#8221;32px&#8221; header_font_size_last_edited=&#8221;on|desktop&#8221; global_colors_info=&#8221;{}&#8221;]<\/p>\n<h1><span style=\"color: #a3b008;\">CONSELHO<\/span>\u00a0<span style=\"color: #7a400d;\"><strong>FISCAL<\/strong><\/span><\/h1>\n<p>[\/et_pb_text][et_pb_text _builder_version=&#8221;4.20.2&#8243; _module_preset=&#8221;default&#8221; text_text_color=&#8221;#7A400D&#8221; text_font_size=&#8221;13px&#8221; text_line_height=&#8221;1.6em&#8221; module_alignment=&#8221;left&#8221; custom_margin=&#8221;||||false|false&#8221; custom_padding=&#8221;|100px|40px|100px|false|true&#8221; custom_padding_tablet=&#8221;|100px|50px|100px|false|true&#8221; custom_padding_phone=&#8221;|50px|50px|50px|false|true&#8221; custom_padding_last_edited=&#8221;on|phone&#8221; global_colors_info=&#8221;{}&#8221;]<\/p>\n<ul>\n<li><span><strong>Presidente: <\/strong>SOCIEDADE AGR\u00cdCOLA DA HERDADE DE ALCOBA\u00c7A, SA, que indica como seu representante Sebasti\u00e3o Moniz da Maia Ortig\u00e3o Costa<\/span><\/li>\n<li><span><\/span><strong>Vice-presidente:<\/strong> SILVA E MONTES, LDA, que indica como seu representante Daniel dos Reis Fernandes Montes<\/li>\n<li><span><\/span><strong>Vogal:<\/strong> CADOVA \u2013 COOPERATIVA AG\u00cdCOLA DO VALE DE ARRAIOLOS, CRL, que indica com seu representante Vasco Manuel Pires Duque dos Reis.<\/li>\n<\/ul>\n<p>[\/et_pb_text][et_pb_text _builder_version=&#8221;4.20.2&#8243; _module_preset=&#8221;default&#8221; header_text_align=&#8221;left&#8221; header_font_size=&#8221;25px&#8221; header_line_height=&#8221;1.3em&#8221; module_alignment=&#8221;left&#8221; custom_padding=&#8221;0px||30px|100px|false|false&#8221; custom_padding_tablet=&#8221;50px||30px|100px|false|false&#8221; custom_padding_phone=&#8221;50px||30px|50px|false|false&#8221; custom_padding_last_edited=&#8221;on|phone&#8221; header_font_size_tablet=&#8221;38px&#8221; header_font_size_phone=&#8221;32px&#8221; header_font_size_last_edited=&#8221;on|desktop&#8221; global_colors_info=&#8221;{}&#8221;]<\/p>\n<h1><span style=\"color: #a3b008;\"><span style=\"caret-color: #a3b008;\">SUPLENTES<\/span><\/span><\/h1>\n<p><span style=\"color: #a3b008;\"><span style=\"caret-color: #a3b008;\"><\/span><\/span><\/p>\n<p>[\/et_pb_text][et_pb_text _builder_version=&#8221;4.20.2&#8243; _module_preset=&#8221;default&#8221; text_text_color=&#8221;#7A400D&#8221; text_font_size=&#8221;13px&#8221; text_line_height=&#8221;1.6em&#8221; module_alignment=&#8221;left&#8221; custom_margin=&#8221;||||false|false&#8221; custom_padding=&#8221;|100px|40px|100px|false|true&#8221; custom_padding_tablet=&#8221;|100px|50px|100px|false|true&#8221; custom_padding_phone=&#8221;|50px|50px|50px|false|true&#8221; custom_padding_last_edited=&#8221;on|phone&#8221; global_colors_info=&#8221;{}&#8221;]<\/p>\n<ul>\n<li>GRUPO JOS\u00c9 PEDRO BARREIRA, SGPS, S.A., que indica como seu representante Frederico Furtado de Antas Barreira<\/li>\n<li><span><\/span>CASA PRUD\u00caNCIO, que indica como seu representante Maria Cl\u00e1udia P. A. Santos Andrade de Pina Serrano<\/li>\n<li><span><\/span>GO NUTS, que indica com seu representante Jo\u00e3o Pedro de Noronha Peres Sanches<\/li>\n<\/ul>\n<p>[\/et_pb_text][et_pb_text _builder_version=&#8221;4.27.5&#8243; _module_preset=&#8221;default&#8221; text_text_color=&#8221;#7A400D&#8221; text_font_size=&#8221;13px&#8221; text_line_height=&#8221;1.6em&#8221; header_text_color=&#8221;#7A400D&#8221; module_alignment=&#8221;left&#8221; custom_margin=&#8221;||||false|false&#8221; custom_padding=&#8221;|100px|50px|100px|false|true&#8221; custom_padding_tablet=&#8221;|100px|50px|100px|false|true&#8221; custom_padding_phone=&#8221;|50px|50px|50px|false|true&#8221; custom_padding_last_edited=&#8221;on|phone&#8221; link_option_url=&#8221;https:\/\/portugalnuts.pt\/wp-content\/uploads\/2025\/12\/Plano-atividades-2026_2028.pdf&#8221; link_option_url_new_window=&#8221;on&#8221; global_colors_info=&#8221;{}&#8221;]<\/p>\n<p><span style=\"text-decoration: underline;\"><strong>PLANO DE ATIVIDADES<\/strong><\/span><\/p>\n<p>[\/et_pb_text][\/et_pb_column][\/et_pb_row][\/et_pb_section]<\/p>\n","protected":false},"excerpt":{"rendered":"<p>O NASCIMENTO DA PORTUGAL NUTSEm 2020, um grupo de empresas produtoras de frutos secos decidiram juntar-se e criar a Associa\u00e7\u00e3o de Promo\u00e7\u00e3o de Frutos Secos \u2013 APFS.A associa\u00e7\u00e3o tem como objetivo: Prop\u00f3sito: Promover um ecossistema favora\u0301vel a\u0300s atividades de produc\u0327a\u0303o e transformac\u0327a\u0303o dos nossos associados, defendendo os seus interesses e melhorando as suas compete\u0302ncias, para [&hellip;]<\/p>\n","protected":false},"author":1,"featured_media":0,"parent":0,"menu_order":0,"comment_status":"closed","ping_status":"closed","template":"","meta":{"_acf_changed":false,"_et_pb_use_builder":"on","_et_pb_old_content":"","_et_gb_content_width":"","footnotes":""},"class_list":["post-123","page","type-page","status-publish","hentry"],"acf":[],"aioseo_notices":[],"jetpack_sharing_enabled":true,"_links":{"self":[{"href":"https:\/\/portugalnuts.pt\/en\/wp-json\/wp\/v2\/pages\/123","targetHints":{"allow":["GET"]}}],"collection":[{"href":"https:\/\/portugalnuts.pt\/en\/wp-json\/wp\/v2\/pages"}],"about":[{"href":"https:\/\/portugalnuts.pt\/en\/wp-json\/wp\/v2\/types\/page"}],"author":[{"embeddable":true,"href":"https:\/\/portugalnuts.pt\/en\/wp-json\/wp\/v2\/users\/1"}],"replies":[{"embeddable":true,"href":"https:\/\/portugalnuts.pt\/en\/wp-json\/wp\/v2\/comments?post=123"}],"version-history":[{"count":80,"href":"https:\/\/portugalnuts.pt\/en\/wp-json\/wp\/v2\/pages\/123\/revisions"}],"predecessor-version":[{"id":2083,"href":"https:\/\/portugalnuts.pt\/en\/wp-json\/wp\/v2\/pages\/123\/revisions\/2083"}],"wp:attachment":[{"href":"https:\/\/portugalnuts.pt\/en\/wp-json\/wp\/v2\/media?parent=123"}],"curies":[{"name":"wp","href":"https:\/\/api.w.org\/{rel}","templated":true}]}}