{"id":1387,"date":"2023-11-23T16:30:56","date_gmt":"2023-11-23T16:30:56","guid":{"rendered":"https:\/\/portugalnuts.pt\/?page_id=1387"},"modified":"2025-01-29T13:00:23","modified_gmt":"2025-01-29T13:00:23","slug":"newsletter","status":"publish","type":"page","link":"https:\/\/portugalnuts.pt\/en\/newsletter\/","title":{"rendered":"Infoculturas"},"content":{"rendered":"<p>[et_pb_section fb_built=&#8221;1&#8243; admin_label=&#8221;Header&#8221; _builder_version=&#8221;4.20.2&#8243; _module_preset=&#8221;default&#8221; background_image=&#8221;https:\/\/portugalnuts.pt\/wp-content\/uploads\/2022\/12\/PARCEIROS_HOME_CABECALHO-scaled.jpeg&#8221; height=&#8221;230px&#8221; locked=&#8221;off&#8221; global_colors_info=&#8221;{}&#8221;][et_pb_row _builder_version=&#8221;4.19.2&#8243; _module_preset=&#8221;default&#8221; max_width=&#8221;100%&#8221; global_colors_info=&#8221;{}&#8221;][et_pb_column type=&#8221;4_4&#8243; _builder_version=&#8221;4.19.2&#8243; _module_preset=&#8221;default&#8221; global_colors_info=&#8221;{}&#8221;][\/et_pb_column][\/et_pb_row][\/et_pb_section][et_pb_section fb_built=&#8221;1&#8243; _builder_version=&#8221;4.19.2&#8243; _module_preset=&#8221;default&#8221; background_enable_image=&#8221;off&#8221; min_height=&#8221;70px&#8221; custom_padding=&#8221;0px||0px||false|false&#8221; box_shadow_style=&#8221;preset6&#8243; locked=&#8221;off&#8221; global_colors_info=&#8221;{}&#8221;][et_pb_row _builder_version=&#8221;4.19.2&#8243; _module_preset=&#8221;default&#8221; global_colors_info=&#8221;{}&#8221;][et_pb_column type=&#8221;4_4&#8243; _builder_version=&#8221;4.19.2&#8243; _module_preset=&#8221;default&#8221; global_colors_info=&#8221;{}&#8221;][\/et_pb_column][\/et_pb_row][\/et_pb_section][et_pb_section fb_built=&#8221;1&#8243; _builder_version=&#8221;4.19.2&#8243; _module_preset=&#8221;default&#8221; background_enable_image=&#8221;off&#8221; min_height=&#8221;70px&#8221; custom_padding=&#8221;0px||0px||false|false&#8221; hover_enabled=&#8221;0&#8243; box_shadow_style=&#8221;preset6&#8243; locked=&#8221;off&#8221; global_colors_info=&#8221;{}&#8221; sticky_enabled=&#8221;0&#8243;][et_pb_row column_structure=&#8221;2_5,3_5&#8243; use_custom_gutter=&#8221;on&#8221; gutter_width=&#8221;1&#8243; make_equal=&#8221;on&#8221; custom_padding_last_edited=&#8221;on|phone&#8221; _builder_version=&#8221;4.27.4&#8243; _module_preset=&#8221;default&#8221; width=&#8221;100%&#8221; max_width=&#8221;100%&#8221; custom_padding=&#8221;0px||0px||true|false&#8221; custom_padding_tablet=&#8221;0px||0px||true|false&#8221; custom_padding_phone=&#8221;0px||0px||true|false&#8221; hover_enabled=&#8221;0&#8243; global_colors_info=&#8221;{}&#8221; title_text=&#8221;PORTUGWALNUT cover&#8221; sticky_enabled=&#8221;0&#8243;][et_pb_column type=&#8221;2_5&#8243; _builder_version=&#8221;4.27.4&#8243; _module_preset=&#8221;default&#8221; background_image=&#8221;https:\/\/portugalnuts.pt\/wp-content\/uploads\/2025\/01\/PORTUGWALNUT-cover.jpg&#8221; custom_padding_tablet=&#8221;200px||200px||true|false&#8221; custom_padding_phone=&#8221;||||true&#8221; custom_padding_last_edited=&#8221;on|phone&#8221; hover_enabled=&#8221;0&#8243; global_colors_info=&#8221;{}&#8221; sticky_enabled=&#8221;0&#8243; title_text=&#8221;PORTUGWALNUT cover&#8221;][et_pb_text _builder_version=&#8221;4.27.4&#8243; _module_preset=&#8221;default&#8221; hover_enabled=&#8221;0&#8243; sticky_enabled=&#8221;0&#8243; positioning=&#8221;absolute&#8221; position_origin_r=&#8221;bottom_left&#8221; width=&#8221;100%&#8221; position_origin_a=&#8221;center_center&#8221; custom_margin=&#8221;|||50px|false|false&#8221; text_text_color=&#8221;#FFFFFF&#8221; text_font=&#8221;&#8211;et_global_heading_font|700|||||||&#8221; text_font_size=&#8221;58px&#8221; text_line_height=&#8221;1.1em&#8221; custom_margin_last_edited=&#8221;on|phone&#8221; custom_margin_phone=&#8221;|||0px|false|false&#8221; custom_margin_tablet=&#8221;|||50px|false|false&#8221;]PortugWalnut INFO[\/et_pb_text][\/et_pb_column][et_pb_column type=&#8221;3_5&#8243; _builder_version=&#8221;4.19.2&#8243; _module_preset=&#8221;default&#8221; background_color=&#8221;#F2ECE7&#8243; hover_enabled=&#8221;0&#8243; box_shadow_style=&#8221;preset6&#8243; box_shadow_horizontal=&#8221;10px&#8221; global_colors_info=&#8221;{}&#8221; sticky_enabled=&#8221;0&#8243;][et_pb_text _builder_version=&#8221;4.27.4&#8243; _module_preset=&#8221;default&#8221; text_font=&#8221;|700|||||||&#8221; text_text_color=&#8221;#52590F&#8221; text_line_height=&#8221;2em&#8221; header_text_align=&#8221;left&#8221; header_font_size=&#8221;25px&#8221; header_line_height=&#8221;0.5em&#8221; width=&#8221;65%&#8221; width_tablet=&#8221;80%&#8221; width_phone=&#8221;100%&#8221; width_last_edited=&#8221;on|phone&#8221; module_alignment=&#8221;left&#8221; custom_padding=&#8221;60px|||100px|false|false&#8221; custom_padding_tablet=&#8221;60px|||100px|false|false&#8221; custom_padding_phone=&#8221;60px|||50px|false|false&#8221; custom_padding_last_edited=&#8221;on|phone&#8221; hover_enabled=&#8221;0&#8243; global_colors_info=&#8221;{}&#8221; sticky_enabled=&#8221;0&#8243;]<\/p>\n<h1><span style=\"color: #52590f;\"><strong>PortugWalnut INFO<\/strong><\/span><\/h1>\n<p>&nbsp;<\/p>\n<p>[\/et_pb_text][et_pb_text _builder_version=&#8221;4.20.2&#8243; _module_preset=&#8221;default&#8221; text_text_color=&#8221;#7A400D&#8221; text_font_size=&#8221;13px&#8221; text_line_height=&#8221;1.6em&#8221; module_alignment=&#8221;left&#8221; custom_margin=&#8221;||||false|false&#8221; custom_padding=&#8221;|100px|60px|100px|false|true&#8221; custom_padding_tablet=&#8221;|100px|60px|100px|false|true&#8221; custom_padding_phone=&#8221;|50px|60px|50px|false|true&#8221; custom_padding_last_edited=&#8221;on|phone&#8221; global_colors_info=&#8221;{}&#8221;]<\/p>\n<p>Disponibilizamos a publica\u00e7\u00e3o destes boletins que pretendem divulgar informa\u00e7\u00e3o de interesse sobre a evolu\u00e7\u00e3o da cultura da amendoeira, nas suas fases-chave, para as regi\u00f5es mais produtivas do pa\u00eds.<\/p>\n<p>Boletim <a href=\"https:\/\/portugalnuts.pt\/wp-content\/uploads\/2023\/11\/PORTUGWALNUT-NOVEMBRO-2023.pdf\">Novembro 2023<\/a>.<\/p>\n<p>[\/et_pb_text][\/et_pb_column][\/et_pb_row][et_pb_row _builder_version=&#8221;4.19.2&#8243; _module_preset=&#8221;default&#8221; global_colors_info=&#8221;{}&#8221;][et_pb_column type=&#8221;4_4&#8243; _builder_version=&#8221;4.19.2&#8243; _module_preset=&#8221;default&#8221; global_colors_info=&#8221;{}&#8221;][\/et_pb_column][\/et_pb_row][\/et_pb_section][et_pb_section fb_built=&#8221;1&#8243; _builder_version=&#8221;4.20.2&#8243; _module_preset=&#8221;default&#8221; custom_padding=&#8221;0px||0px||false|false&#8221; hover_enabled=&#8221;0&#8243; locked=&#8221;off&#8221; global_colors_info=&#8221;{}&#8221; sticky_enabled=&#8221;0&#8243;][et_pb_row column_structure=&#8221;3_5,2_5&#8243; use_custom_gutter=&#8221;on&#8221; gutter_width=&#8221;1&#8243; make_equal=&#8221;on&#8221; _builder_version=&#8221;4.27.4&#8243; _module_preset=&#8221;default&#8221; background_image=&#8221;https:\/\/portugalnuts.pt\/wp-content\/uploads\/2023\/11\/PORTUGALMOND-OUTUBRO-2023-3-01.jpg&#8221; width=&#8221;100%&#8221; max_width=&#8221;100%&#8221; custom_padding=&#8221;0px||0px||true|false&#8221; hover_enabled=&#8221;0&#8243; global_colors_info=&#8221;{}&#8221; sticky_enabled=&#8221;0&#8243;][et_pb_column type=&#8221;3_5&#8243; _builder_version=&#8221;4.19.2&#8243; _module_preset=&#8221;default&#8221; background_color=&#8221;#F2ECE7&#8243; box_shadow_style=&#8221;preset6&#8243; box_shadow_horizontal=&#8221;-10px&#8221; global_colors_info=&#8221;{}&#8221;][et_pb_text _builder_version=&#8221;4.19.2&#8243; _module_preset=&#8221;default&#8221; text_font=&#8221;|700|||||||&#8221; text_text_color=&#8221;#52590F&#8221; text_line_height=&#8221;2em&#8221; header_text_align=&#8221;left&#8221; header_font_size=&#8221;25px&#8221; header_line_height=&#8221;0.5em&#8221; width=&#8221;65%&#8221; width_tablet=&#8221;80%&#8221; width_phone=&#8221;100%&#8221; width_last_edited=&#8221;on|phone&#8221; module_alignment=&#8221;left&#8221; custom_padding=&#8221;60px|||100px|false|false&#8221; custom_padding_tablet=&#8221;60px|||100px|false|false&#8221; custom_padding_phone=&#8221;60px|||50px|false|false&#8221; custom_padding_last_edited=&#8221;on|phone&#8221; hover_enabled=&#8221;0&#8243; locked=&#8221;off&#8221; global_colors_info=&#8221;{}&#8221; sticky_enabled=&#8221;0&#8243;]<\/p>\n<h1><span style=\"color: #52590f;\"><strong>PortugAlmond INFO<\/strong><\/span><\/h1>\n<p>&nbsp;<\/p>\n<p>[\/et_pb_text][et_pb_text admin_label=&#8221;Text&#8221; _builder_version=&#8221;4.27.4&#8243; _module_preset=&#8221;default&#8221; text_text_color=&#8221;#7A400D&#8221; text_font_size=&#8221;13px&#8221; text_line_height=&#8221;1.6em&#8221; module_alignment=&#8221;left&#8221; custom_margin=&#8221;||||false|false&#8221; custom_padding=&#8221;|100px|60px|100px|false|true&#8221; custom_padding_tablet=&#8221;|100px|60px|100px|false|true&#8221; custom_padding_phone=&#8221;|50px|60px|50px|false|true&#8221; custom_padding_last_edited=&#8221;on|phone&#8221; hover_enabled=&#8221;0&#8243; global_colors_info=&#8221;{}&#8221; sticky_enabled=&#8221;0&#8243;]<\/p>\n<p>Disponibilizamos a publica\u00e7\u00e3o destes boletins que pretendem divulgar informa\u00e7\u00e3o de interesse sobre a evolu\u00e7\u00e3o da cultura da amendoeira, nas suas fases-chave, para as regi\u00f5es mais produtivas do pa\u00eds.<\/p>\n<p>Boletim <a href=\"https:\/\/portugalnuts.pt\/wp-content\/uploads\/2023\/11\/PORTUGALMOND-OUTUBRO-2023.pdf\" target=\"_blank\" rel=\"noopener\">Outubro 2023<\/a>.<\/p>\n<p>Boletim <a href=\"https:\/\/portugalnuts.pt\/wp-content\/uploads\/2024\/06\/PORTUGALMOND-INFO-4.pdf\" target=\"_blank\" rel=\"noopener\">Maio 2024<\/a>.<\/p>\n<p>Boletim <a href=\"https:\/\/portugalnuts.pt\/wp-content\/uploads\/2024\/11\/PortugAlmondINFO-nov.24.pdf\" target=\"_blank\" rel=\"noopener\">Novembro 2024<\/a>.<\/p>\n<p>&nbsp;<\/p>\n<p>[\/et_pb_text][\/et_pb_column][et_pb_column type=&#8221;2_5&#8243; _builder_version=&#8221;4.27.4&#8243; _module_preset=&#8221;default&#8221; background_enable_color=&#8221;off&#8221; background_image=&#8221;https:\/\/portugalnuts.pt\/wp-content\/uploads\/2025\/01\/PORTUGALMOND-info-banner-site-scaled.jpg&#8221; custom_padding_tablet=&#8221;&#8221; custom_padding_phone=&#8221;200px||200px||true|false&#8221; custom_padding_last_edited=&#8221;on|phone&#8221; hover_enabled=&#8221;0&#8243; box_shadow_style=&#8221;preset6&#8243; box_shadow_horizontal=&#8221;10px&#8221; global_colors_info=&#8221;{}&#8221; sticky_enabled=&#8221;0&#8243; title_text=&#8221;PORTUGALMOND info banner site&#8221;][et_pb_text _builder_version=&#8221;4.27.4&#8243; _module_preset=&#8221;default&#8221; hover_enabled=&#8221;0&#8243; sticky_enabled=&#8221;0&#8243; positioning=&#8221;absolute&#8221; position_origin_r=&#8221;bottom_left&#8221; width=&#8221;100%&#8221; position_origin_a=&#8221;center_center&#8221; custom_margin=&#8221;|||50px|false|false&#8221; text_text_color=&#8221;#FFFFFF&#8221; text_font=&#8221;&#8211;et_global_heading_font|700|||||||&#8221; text_font_size=&#8221;58px&#8221; locked=&#8221;off&#8221; text_line_height=&#8221;1.2em&#8221; custom_margin_last_edited=&#8221;on|desktop&#8221; custom_margin_phone=&#8221;|||0px|false|false&#8221; custom_margin_tablet=&#8221;|||50px|false|false&#8221;]PortugAlmond INFO[\/et_pb_text][\/et_pb_column][\/et_pb_row][\/et_pb_section][et_pb_section fb_built=&#8221;1&#8243; _builder_version=&#8221;4.19.2&#8243; _module_preset=&#8221;default&#8221; custom_padding=&#8221;0px||0px||false|false&#8221; hover_enabled=&#8221;0&#8243; locked=&#8221;off&#8221; global_colors_info=&#8221;{}&#8221; sticky_enabled=&#8221;0&#8243;][\/et_pb_section]<\/p>\n","protected":false},"excerpt":{"rendered":"<p>PortugWalnut INFOPortugWalnut INFO &nbsp;Disponibilizamos a publica\u00e7\u00e3o destes boletins que pretendem divulgar informa\u00e7\u00e3o de interesse sobre a evolu\u00e7\u00e3o da cultura da amendoeira, nas suas fases-chave, para as regi\u00f5es mais produtivas do pa\u00eds. Boletim Novembro 2023.PortugAlmond INFO &nbsp;Disponibilizamos a publica\u00e7\u00e3o destes boletins que pretendem divulgar informa\u00e7\u00e3o de interesse sobre a evolu\u00e7\u00e3o da cultura da amendoeira, nas suas [&hellip;]<\/p>\n","protected":false},"author":3,"featured_media":0,"parent":0,"menu_order":0,"comment_status":"closed","ping_status":"closed","template":"","meta":{"_acf_changed":false,"_et_pb_use_builder":"on","_et_pb_old_content":"","_et_gb_content_width":"","footnotes":""},"class_list":["post-1387","page","type-page","status-publish","hentry"],"acf":[],"aioseo_notices":[],"jetpack_sharing_enabled":true,"_links":{"self":[{"href":"https:\/\/portugalnuts.pt\/en\/wp-json\/wp\/v2\/pages\/1387","targetHints":{"allow":["GET"]}}],"collection":[{"href":"https:\/\/portugalnuts.pt\/en\/wp-json\/wp\/v2\/pages"}],"about":[{"href":"https:\/\/portugalnuts.pt\/en\/wp-json\/wp\/v2\/types\/page"}],"author":[{"embeddable":true,"href":"https:\/\/portugalnuts.pt\/en\/wp-json\/wp\/v2\/users\/3"}],"replies":[{"embeddable":true,"href":"https:\/\/portugalnuts.pt\/en\/wp-json\/wp\/v2\/comments?post=1387"}],"version-history":[{"count":23,"href":"https:\/\/portugalnuts.pt\/en\/wp-json\/wp\/v2\/pages\/1387\/revisions"}],"predecessor-version":[{"id":1759,"href":"https:\/\/portugalnuts.pt\/en\/wp-json\/wp\/v2\/pages\/1387\/revisions\/1759"}],"wp:attachment":[{"href":"https:\/\/portugalnuts.pt\/en\/wp-json\/wp\/v2\/media?parent=1387"}],"curies":[{"name":"wp","href":"https:\/\/api.w.org\/{rel}","templated":true}]}}