{"id":1473,"date":"2024-03-13T11:01:00","date_gmt":"2024-03-13T11:01:00","guid":{"rendered":"https:\/\/portugalnuts.pt\/?page_id=1473"},"modified":"2024-03-15T11:47:54","modified_gmt":"2024-03-15T11:47:54","slug":"politica-de-privacidade","status":"publish","type":"page","link":"https:\/\/portugalnuts.pt\/en\/politica-de-privacidade\/","title":{"rendered":"Privacy Policy"},"content":{"rendered":"<p>[et_pb_section fb_built=&#8221;1&#8243; _builder_version=&#8221;4.20.2&#8243; _module_preset=&#8221;default&#8221; global_colors_info=&#8221;{}&#8221;][et_pb_row _builder_version=&#8221;4.20.2&#8243; _module_preset=&#8221;default&#8221; global_colors_info=&#8221;{}&#8221;][et_pb_column type=&#8221;4_4&#8243; _builder_version=&#8221;4.20.2&#8243; _module_preset=&#8221;default&#8221; global_colors_info=&#8221;{}&#8221;][et_pb_text _builder_version=&#8221;4.20.2&#8243; _module_preset=&#8221;default&#8221; text_font=&#8221;|700|||||||&#8221; text_font_size=&#8221;25px&#8221; global_colors_info=&#8221;{}&#8221;]Pol\u00edtica de Privacidade[\/et_pb_text][et_pb_text _builder_version=&#8221;4.20.2&#8243; _module_preset=&#8221;default&#8221; global_colors_info=&#8221;{}&#8221;]<\/p>\n<p>O nosso site re\u00fane, numa base de dados de car\u00e1cter pessoal, os dados fornecidos pelos seus clientes e n\u00e3o os ceder\u00e1 a terceiros nem os usar\u00e1 para nenhum fim que n\u00e3o o de resposta a pedidos de clientes. Caso desejem, os clientes poder\u00e3o em qualquer momento exercer o direito de acesso, altera\u00e7\u00e3o, actualiza\u00e7\u00e3o e elimina\u00e7\u00e3o dos seus dados, previsto na lei de Protec\u00e7\u00e3o de Dados de Car\u00e1cter Pessoal.<\/p>\n<p>Este website \u00e9 propriedade da Portugal Nuts.<\/p>\n<p>\u00c9 proibido qualquer uso diferente do estritamente pessoal, nomeadamente a c\u00f3pia, distribui\u00e7\u00e3o, comercializa\u00e7\u00e3o, reprodu\u00e7\u00e3o, transfer\u00eancia ou armazenamento dos conte\u00fados deste website sem autoriza\u00e7\u00e3o pr\u00e9via escrita. Qualquer actividade que se possa levar a cabo com a informa\u00e7\u00e3o contida nestas p\u00e1ginas, e que se realize sem autoriza\u00e7\u00e3o expressa por parte da Glud \u00e9 uma infrac\u00e7\u00e3o punida pela legisla\u00e7\u00e3o vigente.<\/p>\n<p>[\/et_pb_text][et_pb_text _builder_version=&#8221;4.20.2&#8243; _module_preset=&#8221;default&#8221; text_font=&#8221;|700|||||||&#8221; text_font_size=&#8221;25px&#8221; global_colors_info=&#8221;{}&#8221;]Pol\u00edtica de Cookies[\/et_pb_text][et_pb_text _builder_version=&#8221;4.20.2&#8243; _module_preset=&#8221;default&#8221; global_colors_info=&#8221;{}&#8221;]<\/p>\n<p>Cookies s\u00e3o pequenos ficheiros de texto enviados para o seu navegador de internet (browser) quando visita um site. Servem para v\u00e1rias de fun\u00e7\u00f5es, tal como para ajudar-nos a determinar a utilidade, interesse e o n\u00famero de utiliza\u00e7\u00f5es dos sites, permitem uma navega\u00e7\u00e3o mais r\u00e1pida e eficiente.<\/p>\n<p>Utilizamos cookies para melhorar a experi\u00eancia de quem nos visita. Os cookies que utilizamos n\u00e3o recolhem informa\u00e7\u00e3o que identifica o utilizador. Recolhem informa\u00e7\u00f5es gen\u00e9ricas, designadamente a forma como os utilizadores chegam ao nosso site, como o utilizam, os conte\u00fados que acedem bem como a zona do pa\u00eds\/pa\u00edses atrav\u00e9s do qual acedem ao site, etc.<\/p>\n<p>A qualquer momento o utilizador pode, atrav\u00e9s do seu navegador de internet (browser) decidir ser notificado sobre a rece\u00e7\u00e3o de cookies, bem como bloquear a respetiva entrada no seu sistema. A recusa de uso de cookies no site, pode resultar no incorrecto funcionamento do mesmo.<\/p>\n<p>[\/et_pb_text][\/et_pb_column][\/et_pb_row][\/et_pb_section]<\/p>\n","protected":false},"excerpt":{"rendered":"<p>Pol\u00edtica de PrivacidadeO nosso site re\u00fane, numa base de dados de car\u00e1cter pessoal, os dados fornecidos pelos seus clientes e n\u00e3o os ceder\u00e1 a terceiros nem os usar\u00e1 para nenhum fim que n\u00e3o o de resposta a pedidos de clientes. Caso desejem, os clientes poder\u00e3o em qualquer momento exercer o direito de acesso, altera\u00e7\u00e3o, actualiza\u00e7\u00e3o [&hellip;]<\/p>\n","protected":false},"author":3,"featured_media":0,"parent":0,"menu_order":0,"comment_status":"closed","ping_status":"closed","template":"","meta":{"_acf_changed":false,"_et_pb_use_builder":"on","_et_pb_old_content":"","_et_gb_content_width":"","footnotes":""},"class_list":["post-1473","page","type-page","status-publish","hentry"],"acf":[],"aioseo_notices":[],"jetpack_sharing_enabled":true,"_links":{"self":[{"href":"https:\/\/portugalnuts.pt\/en\/wp-json\/wp\/v2\/pages\/1473","targetHints":{"allow":["GET"]}}],"collection":[{"href":"https:\/\/portugalnuts.pt\/en\/wp-json\/wp\/v2\/pages"}],"about":[{"href":"https:\/\/portugalnuts.pt\/en\/wp-json\/wp\/v2\/types\/page"}],"author":[{"embeddable":true,"href":"https:\/\/portugalnuts.pt\/en\/wp-json\/wp\/v2\/users\/3"}],"replies":[{"embeddable":true,"href":"https:\/\/portugalnuts.pt\/en\/wp-json\/wp\/v2\/comments?post=1473"}],"version-history":[{"count":4,"href":"https:\/\/portugalnuts.pt\/en\/wp-json\/wp\/v2\/pages\/1473\/revisions"}],"predecessor-version":[{"id":1484,"href":"https:\/\/portugalnuts.pt\/en\/wp-json\/wp\/v2\/pages\/1473\/revisions\/1484"}],"wp:attachment":[{"href":"https:\/\/portugalnuts.pt\/en\/wp-json\/wp\/v2\/media?parent=1473"}],"curies":[{"name":"wp","href":"https:\/\/api.w.org\/{rel}","templated":true}]}}