{"id":166,"date":"2022-12-14T09:42:57","date_gmt":"2022-12-14T09:42:57","guid":{"rendered":"https:\/\/portugalnuts.pt\/?page_id=166"},"modified":"2024-06-18T09:38:47","modified_gmt":"2024-06-18T09:38:47","slug":"produtos","status":"publish","type":"page","link":"https:\/\/portugalnuts.pt\/en\/produtos\/","title":{"rendered":"Culturas"},"content":{"rendered":"<p>[et_pb_section fb_built=&#8221;1&#8243; admin_label=&#8221;Header&#8221; _builder_version=&#8221;4.19.2&#8243; _module_preset=&#8221;default&#8221; background_image=&#8221;https:\/\/portugalnuts.pt\/wp-content\/uploads\/2023\/01\/shutterstock_762683353-scaled.jpg&#8221; height=&#8221;230px&#8221; locked=&#8221;off&#8221; global_colors_info=&#8221;{}&#8221;][et_pb_row _builder_version=&#8221;4.19.2&#8243; _module_preset=&#8221;default&#8221; max_width=&#8221;100%&#8221; global_colors_info=&#8221;{}&#8221;][et_pb_column type=&#8221;4_4&#8243; _builder_version=&#8221;4.19.2&#8243; _module_preset=&#8221;default&#8221; global_colors_info=&#8221;{}&#8221;][\/et_pb_column][\/et_pb_row][\/et_pb_section][et_pb_section fb_built=&#8221;1&#8243; _builder_version=&#8221;4.19.2&#8243; _module_preset=&#8221;default&#8221; background_enable_image=&#8221;off&#8221; min_height=&#8221;70px&#8221; custom_padding=&#8221;0px||0px||false|false&#8221; box_shadow_style=&#8221;preset6&#8243; locked=&#8221;off&#8221; global_colors_info=&#8221;{}&#8221;][et_pb_row _builder_version=&#8221;4.19.2&#8243; _module_preset=&#8221;default&#8221; global_colors_info=&#8221;{}&#8221;][et_pb_column type=&#8221;4_4&#8243; _builder_version=&#8221;4.19.2&#8243; _module_preset=&#8221;default&#8221; global_colors_info=&#8221;{}&#8221;][\/et_pb_column][\/et_pb_row][\/et_pb_section][et_pb_section fb_built=&#8221;1&#8243; _builder_version=&#8221;4.19.2&#8243; _module_preset=&#8221;default&#8221; custom_padding=&#8221;0px||0px||false|false&#8221; locked=&#8221;off&#8221; global_colors_info=&#8221;{}&#8221;][et_pb_row column_structure=&#8221;2_5,3_5&#8243; use_custom_gutter=&#8221;on&#8221; gutter_width=&#8221;1&#8243; make_equal=&#8221;on&#8221; custom_padding_last_edited=&#8221;on|phone&#8221; _builder_version=&#8221;4.19.2&#8243; _module_preset=&#8221;default&#8221; width=&#8221;100%&#8221; max_width=&#8221;100%&#8221; custom_padding=&#8221;0px||0px||true|false&#8221; custom_padding_tablet=&#8221;0px||0px||true|false&#8221; custom_padding_phone=&#8221;0px||0px||true|false&#8221; global_colors_info=&#8221;{}&#8221;][et_pb_column type=&#8221;2_5&#8243; _builder_version=&#8221;4.19.2&#8243; _module_preset=&#8221;default&#8221; background_image=&#8221;https:\/\/portugalnuts.pt\/wp-content\/uploads\/2022\/12\/PORTFOLIO_IAMENDOA-scaled.jpeg&#8221; custom_padding_tablet=&#8221;200px||200px||true|false&#8221; custom_padding_phone=&#8221;||||true&#8221; custom_padding_last_edited=&#8221;on|phone&#8221; global_colors_info=&#8221;{}&#8221;][\/et_pb_column][et_pb_column type=&#8221;3_5&#8243; _builder_version=&#8221;4.19.2&#8243; _module_preset=&#8221;default&#8221; background_color=&#8221;#F2ECE7&#8243; box_shadow_style=&#8221;preset6&#8243; box_shadow_horizontal=&#8221;10px&#8221; global_colors_info=&#8221;{}&#8221;][et_pb_text _builder_version=&#8221;4.19.2&#8243; _module_preset=&#8221;default&#8221; text_font=&#8221;|700|||||||&#8221; text_text_color=&#8221;#52590F&#8221; text_line_height=&#8221;2em&#8221; header_text_align=&#8221;left&#8221; header_font_size=&#8221;25px&#8221; header_line_height=&#8221;0.5em&#8221; width=&#8221;65%&#8221; width_tablet=&#8221;80%&#8221; width_phone=&#8221;100%&#8221; width_last_edited=&#8221;on|phone&#8221; module_alignment=&#8221;left&#8221; custom_padding=&#8221;60px|||100px|false|false&#8221; custom_padding_tablet=&#8221;60px|||100px|false|false&#8221; custom_padding_phone=&#8221;60px|||50px|false|false&#8221; custom_padding_last_edited=&#8221;on|phone&#8221; global_colors_info=&#8221;{}&#8221;]<\/p>\n<h1><span style=\"color: #52590f;\"><strong>AM\u00caNDOA<\/strong><\/span><\/h1>\n<p>Colheita: Setembro a Fevereiro<\/p>\n<p>[\/et_pb_text][et_pb_text _builder_version=&#8221;4.19.2&#8243; _module_preset=&#8221;default&#8221; text_text_color=&#8221;#7A400D&#8221; text_font_size=&#8221;13px&#8221; text_line_height=&#8221;1.6em&#8221; module_alignment=&#8221;left&#8221; custom_margin=&#8221;||||false|false&#8221; custom_padding=&#8221;|100px|60px|100px|false|true&#8221; custom_padding_tablet=&#8221;|100px|60px|100px|false|true&#8221; custom_padding_phone=&#8221;|50px|60px|50px|false|true&#8221; custom_padding_last_edited=&#8221;on|phone&#8221; global_colors_info=&#8221;{}&#8221;]<\/p>\n<p>A am\u00eandoa \u00e9 um alimento que pode ser consumido como aperitivo, como acompanhamento, como alimento a incluir em lanches ou nas merendas escolares e at\u00e9 como sobremesa. Dois punhados de am\u00eandoas com pele e com aproximadamente 28 g fornecem para um adulto:<\/p>\n<ul>\n<li>14 % das necessidades di\u00e1rias de fibra alimentar, que \u00e9 uma subst\u00e2ncia essencial ao bom funcionamento dos intestinos, \u00e0 preven\u00e7\u00e3o de determinados tipos de cancro e \u00e0 regula\u00e7\u00e3o do colesterol.<\/li>\n<li>Quantidades apreci\u00e1veis de \u00e1cidos gordos polinsaturados, que parecem ter um papel protector na doen\u00e7a cardiovascular.<\/li>\n<li>37 % da Vit. E necess\u00e1ria diariamente, a qual \u00e9 um potente anti oxidante e protector da c\u00e9lula contra agress\u00f5es externas.<\/li>\n<li>Diversos minerais em quantidades apreci\u00e1veis tais como Magn\u00e9sio (19%), Ferro (6%), C\u00e1lcio (7%), F\u00f3sforo (14%) tendo em conta as necessidades di\u00e1rias de um adulto.<\/li>\n<\/ul>\n<p>Esta riqueza mineral e vitam\u00ednica e sem colesterol e sal, tornam a am\u00eandoa um alimento interessante para ser consumido regularmente ao longo da semana e integrado numa alimenta\u00e7\u00e3o saud\u00e1vel. A adi\u00e7\u00e3o de am\u00eandoa a bolos, sobremesas doces ou outros produtos com a\u00e7\u00facares simples permite reduzir a velocidade da absor\u00e7\u00e3o dos a\u00e7\u00facares e os picos de glicemia associada.<\/p>\n<p>Todavia, a am\u00eandoa possui um valor cal\u00f3rico moderado e o seu consumo n\u00e3o deve ser exagerado, em particular por pessoas sedent\u00e1rias.<\/p>\n<p>[\/et_pb_text][\/et_pb_column][\/et_pb_row][\/et_pb_section][et_pb_section fb_built=&#8221;1&#8243; _builder_version=&#8221;4.19.2&#8243; _module_preset=&#8221;default&#8221; min_height=&#8221;70px&#8221; custom_padding=&#8221;0px||0px||false|false&#8221; box_shadow_style=&#8221;preset6&#8243; locked=&#8221;off&#8221; global_colors_info=&#8221;{}&#8221;][et_pb_row _builder_version=&#8221;4.19.2&#8243; _module_preset=&#8221;default&#8221; global_colors_info=&#8221;{}&#8221;][et_pb_column type=&#8221;4_4&#8243; _builder_version=&#8221;4.19.2&#8243; _module_preset=&#8221;default&#8221; global_colors_info=&#8221;{}&#8221;][\/et_pb_column][\/et_pb_row][\/et_pb_section][et_pb_section fb_built=&#8221;1&#8243; _builder_version=&#8221;4.19.2&#8243; _module_preset=&#8221;default&#8221; custom_padding=&#8221;0px||0px||false|false&#8221; locked=&#8221;off&#8221; global_colors_info=&#8221;{}&#8221;][et_pb_row column_structure=&#8221;3_5,2_5&#8243; use_custom_gutter=&#8221;on&#8221; gutter_width=&#8221;1&#8243; make_equal=&#8221;on&#8221; _builder_version=&#8221;4.19.2&#8243; _module_preset=&#8221;default&#8221; width=&#8221;100%&#8221; max_width=&#8221;100%&#8221; custom_padding=&#8221;0px||0px||true|false&#8221; global_colors_info=&#8221;{}&#8221;][et_pb_column type=&#8221;3_5&#8243; _builder_version=&#8221;4.19.2&#8243; _module_preset=&#8221;default&#8221; background_color=&#8221;#F2ECE7&#8243; box_shadow_style=&#8221;preset6&#8243; box_shadow_horizontal=&#8221;-10px&#8221; global_colors_info=&#8221;{}&#8221;][et_pb_text _builder_version=&#8221;4.19.2&#8243; _module_preset=&#8221;default&#8221; text_font=&#8221;|700|||||||&#8221; text_text_color=&#8221;#52590F&#8221; text_line_height=&#8221;2em&#8221; header_text_align=&#8221;left&#8221; header_font_size=&#8221;25px&#8221; header_line_height=&#8221;0.5em&#8221; width=&#8221;65%&#8221; width_tablet=&#8221;80%&#8221; width_phone=&#8221;100%&#8221; width_last_edited=&#8221;on|phone&#8221; module_alignment=&#8221;left&#8221; custom_padding=&#8221;60px|||100px|false|false&#8221; custom_padding_tablet=&#8221;60px|||100px|false|false&#8221; custom_padding_phone=&#8221;60px|||50px|false|false&#8221; custom_padding_last_edited=&#8221;on|phone&#8221; locked=&#8221;off&#8221; global_colors_info=&#8221;{}&#8221;]<\/p>\n<h1><span style=\"color: #52590f;\"><strong>NOZ<\/strong><\/span><\/h1>\n<p>Colheita: Setembro a Novembro<\/p>\n<p>[\/et_pb_text][et_pb_text _builder_version=&#8221;4.19.2&#8243; _module_preset=&#8221;default&#8221; text_text_color=&#8221;#7A400D&#8221; text_font_size=&#8221;13px&#8221; text_line_height=&#8221;1.6em&#8221; module_alignment=&#8221;left&#8221; custom_margin=&#8221;||||false|false&#8221; custom_padding=&#8221;|100px|60px|100px|false|true&#8221; custom_padding_tablet=&#8221;|100px|60px|100px|false|true&#8221; custom_padding_phone=&#8221;|50px|60px|50px|false|true&#8221; custom_padding_last_edited=&#8221;on|phone&#8221; global_colors_info=&#8221;{}&#8221;]<\/p>\n<p>A noz \u00e9 o fruto seco mais rico em gorduras \u00f3mega-3: uma dose de 30 g cont\u00e9m 2,6 g de \u00e1cido gordo \u00f3mega-3, fornecendo 200% da dose di\u00e1ria recomendada.<\/p>\n<p>A ingest\u00e3o de \u00f3mega-3 ajuda a reduzir os valores dos triglic\u00e9ridos e do colesterol mau, o LDL, favorecendo o aumento do colesterol bom, o HDL, reduzindo o risco de doen\u00e7a coron\u00e1ria.<\/p>\n<p>Na sua composi\u00e7\u00e3o qu\u00edmica est\u00e3o presentes vitaminas do complexo B, especialmente tiamina, B6, \u00e1cido f\u00f3lico e minerais como o f\u00f3sforo, o magn\u00e9sio e o cobre. Este fruto de casca rija cont\u00e9m elagitaninos, um tipo de polifenol com propriedades antioxidantes e anticarcinog\u00e9nicas.<\/p>\n<p>S\u00e3o uma boa fonte de gama-tocoferol, um tipo de vitamina E, conhecida por ajudar no combate contra o cancro da mama, da pr\u00f3stata e do c\u00f3lon.<\/p>\n<p>A melatonina, um antioxidante presente nas nozes, faz deste fruto um alimento excelente para os nervos e para uma boa noite de sono<\/p>\n<p>[\/et_pb_text][\/et_pb_column][et_pb_column type=&#8221;2_5&#8243; _builder_version=&#8221;4.19.2&#8243; _module_preset=&#8221;default&#8221; background_enable_color=&#8221;off&#8221; background_image=&#8221;https:\/\/portugalnuts.pt\/wp-content\/uploads\/2022\/12\/PORTFOLIO_NOZ-scaled.jpeg&#8221; custom_padding_tablet=&#8221;&#8221; custom_padding_phone=&#8221;200px||200px||true|false&#8221; custom_padding_last_edited=&#8221;on|phone&#8221; box_shadow_style=&#8221;preset6&#8243; box_shadow_horizontal=&#8221;10px&#8221; global_colors_info=&#8221;{}&#8221;][\/et_pb_column][\/et_pb_row][\/et_pb_section]<\/p>\n","protected":false},"excerpt":{"rendered":"<p>AM\u00caNDOA Colheita: Setembro a FevereiroA am\u00eandoa \u00e9 um alimento que pode ser consumido como aperitivo, como acompanhamento, como alimento a incluir em lanches ou nas merendas escolares e at\u00e9 como sobremesa. Dois punhados de am\u00eandoas com pele e com aproximadamente 28 g fornecem para um adulto: 14 % das necessidades di\u00e1rias de fibra alimentar, que [&hellip;]<\/p>\n","protected":false},"author":1,"featured_media":0,"parent":0,"menu_order":0,"comment_status":"closed","ping_status":"closed","template":"","meta":{"_acf_changed":false,"_et_pb_use_builder":"on","_et_pb_old_content":"","_et_gb_content_width":"","footnotes":""},"class_list":["post-166","page","type-page","status-publish","hentry"],"acf":[],"aioseo_notices":[],"jetpack_sharing_enabled":true,"_links":{"self":[{"href":"https:\/\/portugalnuts.pt\/en\/wp-json\/wp\/v2\/pages\/166","targetHints":{"allow":["GET"]}}],"collection":[{"href":"https:\/\/portugalnuts.pt\/en\/wp-json\/wp\/v2\/pages"}],"about":[{"href":"https:\/\/portugalnuts.pt\/en\/wp-json\/wp\/v2\/types\/page"}],"author":[{"embeddable":true,"href":"https:\/\/portugalnuts.pt\/en\/wp-json\/wp\/v2\/users\/1"}],"replies":[{"embeddable":true,"href":"https:\/\/portugalnuts.pt\/en\/wp-json\/wp\/v2\/comments?post=166"}],"version-history":[{"count":25,"href":"https:\/\/portugalnuts.pt\/en\/wp-json\/wp\/v2\/pages\/166\/revisions"}],"predecessor-version":[{"id":1541,"href":"https:\/\/portugalnuts.pt\/en\/wp-json\/wp\/v2\/pages\/166\/revisions\/1541"}],"wp:attachment":[{"href":"https:\/\/portugalnuts.pt\/en\/wp-json\/wp\/v2\/media?parent=166"}],"curies":[{"name":"wp","href":"https:\/\/api.w.org\/{rel}","templated":true}]}}